{"id":6,"date":"2022-05-23T06:38:25","date_gmt":"2022-05-23T06:38:25","guid":{"rendered":"https:\/\/nefrologiapediatrica.org\/?page_id=6"},"modified":"2022-05-23T06:38:26","modified_gmt":"2022-05-23T06:38:26","slug":"luoc-di-nefrologia-e-dialisi-pediatrica","status":"publish","type":"page","link":"https:\/\/nefrologiapediatrica.org\/","title":{"rendered":"L&#8217;UOC di Nefrologia e Dialisi Pediatrica"},"content":{"rendered":"\n<figure class=\"wp-block-image size-large\"><img loading=\"lazy\" width=\"1024\" height=\"683\" src=\"https:\/\/nefrologiapediatrica.org\/wp-content\/uploads\/2022\/05\/quiz_pediatria_0-1024x683.jpg\" alt=\"\" class=\"wp-image-12\" srcset=\"https:\/\/nefrologiapediatrica.org\/wp-content\/uploads\/2022\/05\/quiz_pediatria_0-1024x683.jpg 1024w, https:\/\/nefrologiapediatrica.org\/wp-content\/uploads\/2022\/05\/quiz_pediatria_0-300x200.jpg 300w, https:\/\/nefrologiapediatrica.org\/wp-content\/uploads\/2022\/05\/quiz_pediatria_0-768x512.jpg 768w, https:\/\/nefrologiapediatrica.org\/wp-content\/uploads\/2022\/05\/quiz_pediatria_0.jpg 1200w\" sizes=\"(max-width: 1024px) 100vw, 1024px\" \/><\/figure>\n\n\n\n<p>L\u2019UOC di\u00a0 Nefrologia e Dialisi Pediatrica della Clinica Pediatrica \u201cG. e D. De Marchi\u201d fa parte dal 2005 della Fondazione IRCCS C\u00e0 Granda, Ospedale Maggiore Policlinico. Essa si configura come Centro ad alta specializzazione e di riferimento regionale e nazionale per tutta la patologia dell\u2019apparato urinario nel bambino e nell\u2019adolescente.\u00a0 In particolare, rappresenta l\u2019unico presidio pediatrico della Regione Lombardia specializzato per la dialisi acuta e cronica dei bambini con insufficienza renale e per l\u2019iscrizione in lista e successiva gestione medica del trapianto di rene in et\u00e0 pediatrica, compresa la diagnosi istologica, con biopsia renale, delle nefropatie esordite in et\u00e0 pediatrica. La competenza nella gestione dei problemi renali pi\u00f9 severi consente anche un approccio corretto alle patologie nefrourologiche pi\u00f9 comuni visitate in Ambulatorio, quali le IVU, le malformazioni delle vie urinarie, le sindromi nefrosiche, le ematurie, le proteinurie, etc. Nell\u2019ottica di un approccio di cura globale, un\u2019attenzione particolare viene posta alle difficolt\u00e0 psicologiche e sociali che possono associarsi alle malattie renali acute e croniche, attraverso iniziative di supporto alle famiglie e ricreative per i piccoli pazienti.<\/p>\n\n\n\n<p>Per la diagnosi e il trattamento delle patologie nefrourologiche pediatriche, l\u2019UOC di Nefrologia e\u00a0Dialisi Pediatrica collabora attivamente con i vari servizi della Fondazione IRCCS C\u00e0 Granda Ospedale Maggiore: all\u2019interno della Clinica Pediatrica De Marchi, il Reparto di Terapia Intensiva Pediatrica, la Radiologia Pediatrica e il Pronto Soccorso Pediatrico, all\u2019esterno della Clinica Pediatrica l&#8217; U.O.S. di Urologia Pediatrica, la Chirurgia Pediatrica del Padiglione Alfieri, la Patologia e Terapia Intensiva Neonatale e la Cardiologia Pediatrica della Clinica Mangiagalli. Esistono inoltre relazioni funzionali consolidate da decenni con il Nord-Italia Transplant del Padiglione Marangoni e con la Chirurgia Generale e del Trapianto di Rene, per l\u2019attivit\u00e0 di trapianto renale e con il Centro Trapianti di Fegato per la realizzazione del trapianto combinato fegato rene, come anche con la Divisione di Nefrologia e Dialisi del Padiglione Croff, per la gestione comune di alcuni pazienti adulti con esordio della malattia in et\u00e0 pediatrica.<br>I medici dell\u2019 UOC di Nefrologia e\u00a0Dialisi Pediatrica collaborano con l\u2019Universit\u00e0 degli Studi di Milano, svolgendo attivit\u00e0 di insegnamento nei Corsi Integrati di Nefrologia Pediatrica e di Dialisi e Trapianto Pediatrico e nelle Lezioni per il Corso di Laurea in Medicina e Chirurgia e per le Scuole di Specializzazione in Pediatria e in Nefrologia. Ci\u00f2 permette la presenza in reparto di specializzandi in pediatria e in nefrologia, ad integrazione dell\u2019assistenza clinica. L\u2019aggiornamento del personale medico ed infermieristico, delle dietiste e della psicologa \u00e8 garantito da una continua attivit\u00e0 di ricerca, dalla partecipazione a congressi nazionali ed internazionali, con pubblicazioni di articoli su riviste altamente specializzate.<br>Il reparto Dialisi, situato al 1\u00b0 piano della Clinica Pediatrica, \u00e8 stato ristrutturato nel 2000, grazie ad un generoso contributo dell\u2019Associazione per il Bambino Nefropatico (ABN) e migliorato nel 2004 ed accoglie le attivit\u00e0 ambulatoriali (visite nefrologiche, Day Hospital, dialisi extracorporea e peritoneale) in ambienti moderni e piacevoli.\u00a0 Nei reparti di degenza di pediatria, al secondo piano della clinica Pediatrica, sono siutati cinque letti di ricovero per bambini ed adolescenti con\u00a0 malattie renali.<\/p>\n\n\n\n<h2><strong>L&#8217;Associazione per il Bambino Nefropatico (ABN Onlus)<\/strong><\/h2>\n\n\n\n<p>L\u2019Associazione per il Bambino Nefropatico \u00e8 stata, sin dal 1978, partner di riferimento per numerose iniziative di supporto assistenziale rivolte ai bambini con malattie renali e alle loro famiglie, dall\u2019acquisto di apparecchiature sino al finanziamento di vacanze estive. L\u2019ABN ha sostenuto inoltre fattivamente progetti di ricerca per la prevenzione dell\u2019insufficienza renale e delle sue complicazioni, tra cui il Registro Italiano dell\u2019Insufficienza Renale Cronica, Italkid, e il Progetto Multidisciplinare Child (Children with Hypertension in Italy).<strong>Le altre associazioni<\/strong>Altre associazioni partecipano attivamente nell\u2019opera di supporto di attivit\u00e0 cliniche scientifiche particolari dell\u2019UOC:<\/p>\n\n\n\n<p><br>\u2022 Progetto Alice Onlus-Associazione per la lotta alla SEU, che ha contribuito alla realizzazione, presso la Fondazione, del Centro per lo studio e la cura della S.E.U.<br>\u2022\u00a0Fondazione La Nuova Speranza. Lotta alla glomerulosclerosi focale, che supporta un gruppo di ricerca sulla glomerulosclerosi focale, comprendente diversi centri nefrologici italiani e il laboratorio di ricerca sulle malattie renali della Fondazione.<br>\u2022\u00a0L\u2019Associazione l\u2019Abbraccio, che sostiene l\u2019UOC in relazione alle iniziative di cooperazione con paesi a basso reddito.<\/p>\n\n\n\n<h2><strong>L&#8217;attivit\u00e0 per i paesi in via di Sviluppo<\/strong><\/h2>\n\n\n\n<p>Un\u2019attenzione particolare viene infine rivolta alle realt\u00e0 sanitarie dei paesi in via di sviluppo. Nel 2004 \u00e8 stato formalizzato il gemellaggio tra l\u2019U.O. di Nefrologia e Dialisi Pediatrica di Milano e il Servizio di Nefrologia Pediatrica dell\u2019Ospedale La Mascota di Managua-Nicaragua, a partire da iniziative di sostegno e cooperazione risalenti al 1997. Il gemellaggio \u00e8 sostenuto da fondi regionali, dall\u2019ABN e dall\u2019Associazione L\u2019Abbraccio.<\/p>\n\n\n\n<p>Queste pagine hanno lo scopo di presentarVi in dettaglio l\u2019Unit\u00e0 Operativa che Vi accoglie, informandoVi sull\u2019organizzazione interna e le attivit\u00e0 che qui vengono svolte. La vostra collaborazione ci aiuter\u00e0 a migliorare la qualit\u00e0 dell\u2019assistenza da noi prestata, della qual cosa Vi ringraziamo sin d\u2019ora.L\u2019Unit\u00e0 Operativa \u00e8 certificata secondo le norme UNI EN ISO 9001 dal 1999 e ha ottenuto l\u2019Accreditamento all\u2019eccellenza secondo gli standard di Joint Commission nel 2002.<\/p>\n","protected":false},"excerpt":{"rendered":"<p>L\u2019UOC di\u00a0 Nefrologia e Dialisi Pediatrica della Clinica Pediatrica \u201cG. e D. De Marchi\u201d fa parte dal 2005 della Fondazione [&hellip;]<\/p>\n","protected":false},"author":1,"featured_media":0,"parent":0,"menu_order":0,"comment_status":"closed","ping_status":"closed","template":"","meta":[],"_links":{"self":[{"href":"https:\/\/nefrologiapediatrica.org\/index.php?rest_route=\/wp\/v2\/pages\/6"}],"collection":[{"href":"https:\/\/nefrologiapediatrica.org\/index.php?rest_route=\/wp\/v2\/pages"}],"about":[{"href":"https:\/\/nefrologiapediatrica.org\/index.php?rest_route=\/wp\/v2\/types\/page"}],"author":[{"embeddable":true,"href":"https:\/\/nefrologiapediatrica.org\/index.php?rest_route=\/wp\/v2\/users\/1"}],"replies":[{"embeddable":true,"href":"https:\/\/nefrologiapediatrica.org\/index.php?rest_route=%2Fwp%2Fv2%2Fcomments&post=6"}],"version-history":[{"count":1,"href":"https:\/\/nefrologiapediatrica.org\/index.php?rest_route=\/wp\/v2\/pages\/6\/revisions"}],"predecessor-version":[{"id":13,"href":"https:\/\/nefrologiapediatrica.org\/index.php?rest_route=\/wp\/v2\/pages\/6\/revisions\/13"}],"wp:attachment":[{"href":"https:\/\/nefrologiapediatrica.org\/index.php?rest_route=%2Fwp%2Fv2%2Fmedia&parent=6"}],"curies":[{"name":"wp","href":"https:\/\/api.w.org\/{rel}","templated":true}]}}